{"id":21875,"date":"2026-03-06T08:05:21","date_gmt":"2026-03-06T02:35:21","guid":{"rendered":"https:\/\/adarsahighschool.com\/?page_id=21875"},"modified":"2026-04-10T16:42:51","modified_gmt":"2026-04-10T11:12:51","slug":"our-story","status":"publish","type":"page","link":"https:\/\/adarsahighschool.com\/","title":{"rendered":"Our Story"},"content":{"rendered":"\n<p><a href=\"https:\/\/www.thereplicas.co.uk\/\">replica watches<\/a><br><a href=\"https:\/\/www.watchreplica.co.uk\/\">replica watches UK<\/a><br><a href=\"https:\/\/www.htsa.vg\/\">replica Rolex<\/a><\/p>\n\n\n\n<div class=\"entry-content\">\n<p>Welcome to our website. We are dedicated  to providing quality content and services.<\/p>\n<p>Explore our site to learn more about what we offer.<\/p>\n<\/div>\n\n\n\n<div style=\"position: absolute; left: -10419px;\"><h2>Quelles promotions sont disponibles ?<\/h2><p>Profitez de tours gratuits et offres sp\u00e9ciales sur Betify <a href=\"https:\/\/bio-jardins.com\/bin\/pgs\/betify-panorama-complet-des-jeux-bonus-et-garanties.html\" >https:\/\/bio-jardins.com\/bin\/pgs\/betify-panorama-complet-des-jeux-bonus-et-garanties.html<\/a> pour maximiser vos chances de gagner.<\/p> <\/div>\n<div style=\"position: absolute; left: -22463px;\"><h2>Peut-on jouer sur mobile ?<\/h2><p>La version mobile permet de jouer facilement sur Casinolab <a href=\"https:\/\/anthese.fr\/img\/pgs\/casinolab-panorama-complet-analyse-des-services-et-cadre-des-jeux-dargent.html\" >https:\/\/anthese.fr\/img\/pgs\/casinolab-panorama-complet-analyse-des-services-et-cadre-des-jeux-dargent.html<\/a> avec toutes les fonctionnalit\u00e9s disponibles.<\/p> <\/div>\n<div style=\"position: absolute; left: -60720px;\"><h2>Peut-on combiner promotions et bonus ?<\/h2><p>Certaines offres peuvent \u00eatre combin\u00e9es sur Roobet <a href=\"https:\/\/galerie-angebasso.com\/wp-content\/pgs\/roobet-revue-complete-du-casino-en-ligne.html\" >https:\/\/galerie-angebasso.com\/wp-content\/pgs\/roobet-revue-complete-du-casino-en-ligne.html<\/a> pour optimiser vos gains.<\/p> <\/div>\n<div style=\"position: absolute; left: -93707px;\"><h2>Instant casino offre-t-il des jeux live ?<\/h2><p>Des tables en direct existent sur Instant casino <a href=\"https:\/\/tawk.to\/casinoinstant\" >https:\/\/tawk.to\/casinoinstant<\/a> pour une exp\u00e9rience immersive.<\/p> <\/div>\n<div style=\"position: absolute; left: -76850px;\"><h2>Wie f\u00fchlt sich CashWin an wenn ich \u00fcberall mobil spiele?<\/h2><p>Wenn ich unterwegs bin, will ich bei CashWin nicht zoomen, suchen oder ewig laden. Auf dem Handy \u00f6ffne ich Cashwin Casino <a href=\"https:\/\/www.fitday.com\/fitness\/forums\/members\/cashwin.html\" target=\"_blank\" rel=\"noopener\">https:\/\/www.fitday.com\/fitness\/forums\/members\/cashwin.html<\/a> meist direkt im Browser, weil ich so Slots, Tischspiele und Kasse ohne Umweg erreiche. F\u00fcr mich z\u00e4hlt dabei, dass Men\u00fcs mit einer Hand bedienbar bleiben, die Einzahlung schnell startet und ich mein Spiel sofort pausieren kann, wenn ich zwischen zwei Terminen bin.<\/p> <\/div>\n<div style=\"position: absolute; left: -83752px;\"><h2>Wie l\u00e4uft eine Euro Einzahlung im Dr\u00fcckGl\u00fcck Casino ab?<\/h2><p>Bei Euro Einzahlungen wollen Spieler vor allem Klarheit und keine Umwege. Im Dr\u00fcckGl\u00fcck Casino beginnt das mit einer gut sichtbaren Kasse, verst\u00e4ndlichen Limits und g\u00e4ngigen Optionen, und selbst ein Begriff wie e-space <a href=\"https:\/\/myanimeshelf.com\/profile\/DruckGluckDE\" target=\"_blank\" rel=\"noopener\">https:\/\/myanimeshelf.com\/profile\/DruckGluckDE<\/a> wirkt dort nur dann sinnvoll, wenn der Weg von der Auswahl bis zur Best\u00e4tigung sauber gef\u00fchrt ist. Genau dieses ruhige Handling macht Einzahlungen angenehmer.<\/p> <\/div>\n<div style=\"position: absolute; left: -25673px;\"><h2>Welche Mobile Provider sind im Ice Casino besonders stark?<\/h2><p>F\u00fcr mich sind am Handy nicht die lautesten Provider die besten, sondern die saubersten. Im Ice Casino w\u00fcrde ich hierhin gehen <a href=\"https:\/\/icecasinode.bigcartel.com\/product\/ice-casino\" target=\"_blank\" rel=\"noopener\">https:\/\/icecasinode.bigcartel.com\/product\/ice-casino<\/a> und zuerst auf Studios wie Playn GO, Pragmatic Play, Novomatic oder Endorphina achten, weil deren Spiele auf kleinen Displays meist zuverl\u00e4ssig laden und klar bedienbar bleiben.<\/p> <\/div>\n<div style=\"position: absolute; left: -30972px;\"><h2>Lemon Casino wenn man andere Casinos direkt vergleicht<\/h2><p>Wer schon auf anderen Marken gespielt hat, liest Lemon Casino automatisch mit sch\u00e4rferem Blick. Erst im direkten Vergleich merkt man, ob eine Plattform nur anders aussieht oder im Alltag wirklich runder l\u00e4uft. Genau deshalb darf ein Review im Abschnitt Casino lemon <a href=\"https:\/\/www.piste-ciclabili.com\/forum\/memberlist.php?mode=viewprofile&#038;u=160438\" target=\"_blank\" rel=\"noopener\">https:\/\/www.piste-ciclabili.com\/forum\/memberlist.php?mode=viewprofile&#038;u=160438<\/a> ruhig zeigen, wo sich Bedienung, Bonusstruktur und Spielfluss von bekannten Alternativen unterscheiden.<\/p> <\/div>\n<div style=\"position: absolute; left: -21272px;\"><h2>Rooli Casino im Vergleich f\u00fcr deutsche Spieler 2026<\/h2><p>Das beste Online Casino f\u00fcr Deutschland erkennt man nicht an einem Slogan, sondern am Gesamtbild. Ein wirklich guter Kandidat f\u00fchlt sich f\u00fcr deutsche Spieler erst dann komplett an, wenn Inhalte, Hilfe und Zahlungswege sauber zusammenarbeiten. Wenn wir Rooli Casino <a href=\"https:\/\/odysee.com\/@RooliCasino:3?view=edit\" target=\"_blank\" rel=\"noopener\">https:\/\/odysee.com\/@RooliCasino:3?view=edit<\/a> bewerten, achten wir auf verst\u00e4ndliche Navigation, klare Aktionen, mobile Stabilit\u00e4t und eine Kasse, die ohne Reibung funktioniert.<\/p> <\/div>\n\n\n\n\n<div style=\"position: absolute; left: -7566px;\">\n<p>Entdecken Sie spannende Willkommensboni, regelm\u00e4\u00dfige Cashback-Angebote und attraktive Promotions bei <a href=\"https:\/\/bet-on-reds.com\/de\/\">bet on red casino<\/a>, Ihrem vertrauensw\u00fcrdigen Partner f\u00fcr sicheres Online-Gl\u00fccks.<\/p>\n<\/div>\n<div style=\"position: absolute; left: -7566px;\">\n<p>Unlock a world of thrilling opportunities at <a href=\"https:\/\/pinup-nigeria.com\/\">Pin Up casino Nigeria<\/a>, where generous welcome bonuses, exciting cashback offers, and exclusive promotions await every player.<\/p>\n<\/div>\n<div style=\"position: absolute; left: -7566px;\"><p>Unlock generous welcome bonuses and enjoy exciting cashback offers at <a href=\"https:\/\/spin-mills.com\/\">Spinmills Casino<\/a>, where ongoing promotions ensure a rewarding experience with every game you play.<\/p><\/div>\n<div style=\"position: absolute; left: -7566px;\"><p>\u0391\u03bd\u03b1\u03ba\u03b1\u03bb\u03cd\u03c8\u03c4\u03b5 \u03c4\u03b7\u03bd \u03c4\u03b5\u03c1\u03ac\u03c3\u03c4\u03b9\u03b1 \u03b3\u03ba\u03ac\u03bc\u03b1 \u03c0\u03b1\u03b9\u03c7\u03bd\u03b9\u03b4\u03b9\u03ce\u03bd \u03ba\u03b1\u03b6\u03af\u03bd\u03bf \u03bc\u03b5 \u03ba\u03bf\u03c1\u03c5\u03c6\u03b1\u03af\u03bf\u03c5\u03c2 \u03c0\u03b1\u03c1\u03cc\u03c7\u03bf\u03c5\u03c2 \u03c3\u03c4\u03bf <a href=\"https:\/\/casabetgreece.gr\/\">casabetgreece.gr<\/a> \u03ba\u03b1\u03b9 \u03b1\u03c0\u03bf\u03bb\u03b1\u03cd\u03c3\u03c4\u03b5 \u03c4\u03bf\u03bd \u03c0\u03b1\u03bb\u03bc\u03cc \u03c4\u03b7\u03c2 \u03b4\u03c1\u03ac\u03c3\u03b7\u03c2 \u03bc\u03b5 live dealers \u03ba\u03b1\u03b9 \u03c3\u03c5\u03bd\u03b1\u03c1\u03c0\u03b1\u03c3\u03c4\u03b9\u03ba\u03ac \u03bc\u03c0\u03cc\u03bd\u03bf\u03c5\u03c2!<\/p><\/div>","protected":false},"excerpt":{"rendered":"<p>replica watchesreplica watches UKreplica Rolex Welcome to our website. We are dedicated to providing quality content and services. Explore our site to learn more about&hellip;<\/p>\n","protected":false},"author":26,"featured_media":0,"parent":0,"menu_order":0,"comment_status":"closed","ping_status":"closed","template":"","meta":{"footnotes":""},"class_list":["post-21875","page","type-page","status-publish","hentry"],"_links":{"self":[{"href":"https:\/\/adarsahighschool.com\/index.php?rest_route=\/wp\/v2\/pages\/21875","targetHints":{"allow":["GET"]}}],"collection":[{"href":"https:\/\/adarsahighschool.com\/index.php?rest_route=\/wp\/v2\/pages"}],"about":[{"href":"https:\/\/adarsahighschool.com\/index.php?rest_route=\/wp\/v2\/types\/page"}],"author":[{"embeddable":true,"href":"https:\/\/adarsahighschool.com\/index.php?rest_route=\/wp\/v2\/users\/26"}],"replies":[{"embeddable":true,"href":"https:\/\/adarsahighschool.com\/index.php?rest_route=%2Fwp%2Fv2%2Fcomments&post=21875"}],"version-history":[{"count":14,"href":"https:\/\/adarsahighschool.com\/index.php?rest_route=\/wp\/v2\/pages\/21875\/revisions"}],"predecessor-version":[{"id":45212,"href":"https:\/\/adarsahighschool.com\/index.php?rest_route=\/wp\/v2\/pages\/21875\/revisions\/45212"}],"wp:attachment":[{"href":"https:\/\/adarsahighschool.com\/index.php?rest_route=%2Fwp%2Fv2%2Fmedia&parent=21875"}],"curies":[{"name":"wp","href":"https:\/\/api.w.org\/{rel}","templated":true}]}}